{"id":42,"date":"2024-08-13T11:51:32","date_gmt":"2024-08-13T09:51:32","guid":{"rendered":"https:\/\/www.tillieux.eu\/kinesiologie\/?page_id=42"},"modified":"2026-02-14T01:04:35","modified_gmt":"2026-02-14T00:04:35","slug":"contact-et-rdv","status":"publish","type":"page","link":"https:\/\/www.tillieux.eu\/kinesiologie\/contact-et-rdv\/","title":{"rendered":"Contact"},"content":{"rendered":"<!-- Doctoranytime BookAppointment Widget -->\r\n<div class=\"doctoranytime-widget\" data-doctoranytime-widget=\"\">\r\n<div class=\"flex flex-col md:flex-row place-content-between bg-white shadow-floating p-4 m-4 rounded-md\">\r\n<div class=\"flex flex-col md:flex-row md:gap-6 items-start md:items-center\"><a href=\"https:\/\/www.doctoranytime.be\" target=\"_blank\" rel=\"noopener\"> <img decoding=\"async\" src=\"https:\/\/www.doctoranytime.be\/images\/logo-new.svg\" alt=\"doctoranytime\" width=\"66\" \/> <\/a>\r\n<p class=\"text-1624 text-gray-800 my-4 md:m-0\">Consultez les disponibilit\u00e9s et prenez facilement rendez-vous en ligne !<\/p>\r\n<\/div>\r\n<a class=\"dat-button button-pink md:max-w-fit dat-button--primary dat-button--solid dat-button--full\" href=\"https:\/\/www.doctoranytime.be\/d\/kinesiologue\/francoise-tillieux?crm-widget=book-appointment\" target=\"_blank\" rel=\"noopener\"> <span class=\"dat-button__text \"> Prendre rendez-vous <\/span> <\/a><\/div>\r\n<\/div>\r\n<!-- Doctoranytime BookAppointment Widget -->\r\n<p>&nbsp;<\/p>\r\n<p>Consultations uniquement sur rendez-vous en cabinet, sur 2<span style=\"color: #333399;\"><strong>\u00a0sites<\/strong><\/span>, selon votre meilleure convenance.<\/p>\r\n<ul>\r\n<li>A <strong><span style=\"color: #333399;\">Ciergnon (Houyet)<\/span><\/strong><\/li>\r\n<\/ul>\r\n<p style=\"padding-left: 40px;\"><span style=\"color: #ff6600;\"><span class=\"C9DxTc \">Campagne de Han, 1<\/span><span class=\"C9DxTc \"><br \/><\/span><span class=\"C9DxTc \">5560 Ciergnon (Houyet)<\/span><\/span><\/p>\r\n<p style=\"padding-left: 40px;\"><a href=\"https:\/\/goo.gl\/maps\/Eaf9K69mcov79LyV8?coh=178573&amp;entry=tt\" target=\"_blank\" rel=\"noopener\">Itin\u00e9raire<\/a><\/p>\r\n<p style=\"padding-left: 40px;\">A 2&prime; de la sortie 22, autoroute E411, direction <span style=\"color: #339966;\">Rochefort<\/span>.\u00a0 A 30&prime; de Namur.<\/p>\r\n<p style=\"padding-left: 40px;\">Parking ais\u00e9 et gratuit.\u00a0 Pas d&rsquo;escaliers \u00e0 emprunter.<\/p>\r\n<p>\r\n\r\n<\/p>\r\n\r\n\r\n\r\n<ul>\r\n<li>A <span style=\"color: #333399;\"><strong>Vedrin (Namur)<\/strong><\/span>\r\n<p class=\"zfr3Q CDt4Ke \" dir=\"ltr\"><span style=\"color: #ff6600;\"><span class=\"C9DxTc \">rue Hector Fontaine 44,<\/span><span class=\"C9DxTc \"><br \/><\/span><span class=\"C9DxTc \">5020 Vedrin (Namur)<\/span><\/span><\/p>\r\n<p class=\"zfr3Q CDt4Ke \" dir=\"ltr\"><span class=\"C9DxTc \">Parking ais\u00e9 et gr<\/span><span class=\"C9DxTc \">atuit &#8211; chemin \u00e0 droite de la maison vers le jardin.\u00a0 Pas d&rsquo;escalier \u00e0 emprunter, juste une marche pour entrer dans le cabinet.<\/span><\/p>\r\n<\/li>\r\n<\/ul>\r\n<p style=\"padding-left: 40px;\">A 2&prime; de la sortie 13 CHAMPION, autoroute E411, direction <span style=\"color: #339966;\">Namur<\/span>.\u00a0 A deux maison \u00e0 droite du magasin d&rsquo;alimentation \u00ab\u00a0d&rsquo;Ici\u00a0\u00bb.<\/p>\r\n<p>\u00a0 \u00a0 \u00a0 \u00a0 \u00a0 itin\u00e9raire : <a href=\"https:\/\/share.google\/CM5I1IRbILOR0iRCq\">https:\/\/share.google\/CM5I1IRbILOR0iRCq<\/a><\/p>\r\n<p>&nbsp;<\/p>\r\n<p><span style=\"color: #ff9900;\"><strong>Prise de rendez-vous, par ici<\/strong> :<\/span><\/p>\r\n<p>Contact par t\u00e9l\u00e9phone au <a href=\"tel:0474306184\">0474\/30.61.84<\/a> ou par email <a href=\"mailto:par-ici@tillieux.eu?subject=Contact&amp;body=Merci de renseigner votre num\u00e9ro de t\u00e9l\u00e9phone lors de toute demande\">par-ici@tillieux.eu<\/a><\/p>\r\n<p>(attention aux mails qui arrivent dans les bo\u00eetes \u00ab\u00a0spams\u00a0\u00bb et non \u00ab\u00a0de r\u00e9ception\u00a0\u00bb)<\/p>\r\n<p>ou en ligne via :<\/p>\r\n<!-- Doctoranytime BookAppointment Widget -->\r\n<div class=\"doctoranytime-widget\" data-doctoranytime-widget=\"\">\r\n<div class=\"flex flex-col md:flex-row place-content-between bg-white shadow-floating p-4 m-4 rounded-md\">\r\n<div class=\"flex flex-col md:flex-row md:gap-6 items-start md:items-center\"><a href=\"https:\/\/www.doctoranytime.be\" target=\"_blank\" rel=\"noopener\"> <img decoding=\"async\" src=\"https:\/\/www.doctoranytime.be\/images\/logo-new.svg\" alt=\"doctoranytime\" width=\"66\" \/> <\/a>\r\n<p class=\"text-1624 text-gray-800 my-4 md:m-0\">Consultez les disponibilit\u00e9s et prenez facilement rendez-vous en ligne !<\/p>\r\n<\/div>\r\n<a class=\"dat-button button-pink md:max-w-fit dat-button--primary dat-button--solid dat-button--full\" href=\"https:\/\/www.doctoranytime.be\/d\/kinesiologue\/francoise-tillieux?crm-widget=book-appointment\" target=\"_blank\" rel=\"noopener\"> <span class=\"dat-button__text \"> Prendre rendez-vous <\/span> <\/a><\/div>\r\n<\/div>\r\n<!-- Doctoranytime BookAppointment Widget -->","protected":false},"excerpt":{"rendered":"<p>Consultez les disponibilit\u00e9s et prenez facilement rendez-vous en ligne ! Prendre rendez-vous &nbsp; Consultations uniquement sur rendez-vous en cabinet, sur 2\u00a0sites, selon votre meilleure convenance. A Ciergnon (Houyet) Campagne de Han, 15560 Ciergnon (Houyet) Itin\u00e9raire A 2&prime; de la sortie 22, autoroute E411, direction Rochefort.\u00a0 A 30&prime; de Namur. Parking ais\u00e9 et gratuit.\u00a0 Pas d&rsquo;escaliers [&hellip;]<\/p>\n","protected":false},"author":1,"featured_media":522,"parent":0,"menu_order":0,"comment_status":"closed","ping_status":"closed","template":"","meta":{"footnotes":""},"class_list":["post-42","page","type-page","status-publish","has-post-thumbnail","hentry"],"_links":{"self":[{"href":"https:\/\/www.tillieux.eu\/kinesiologie\/wp-json\/wp\/v2\/pages\/42","targetHints":{"allow":["GET"]}}],"collection":[{"href":"https:\/\/www.tillieux.eu\/kinesiologie\/wp-json\/wp\/v2\/pages"}],"about":[{"href":"https:\/\/www.tillieux.eu\/kinesiologie\/wp-json\/wp\/v2\/types\/page"}],"author":[{"embeddable":true,"href":"https:\/\/www.tillieux.eu\/kinesiologie\/wp-json\/wp\/v2\/users\/1"}],"replies":[{"embeddable":true,"href":"https:\/\/www.tillieux.eu\/kinesiologie\/wp-json\/wp\/v2\/comments?post=42"}],"version-history":[{"count":34,"href":"https:\/\/www.tillieux.eu\/kinesiologie\/wp-json\/wp\/v2\/pages\/42\/revisions"}],"predecessor-version":[{"id":530,"href":"https:\/\/www.tillieux.eu\/kinesiologie\/wp-json\/wp\/v2\/pages\/42\/revisions\/530"}],"wp:featuredmedia":[{"embeddable":true,"href":"https:\/\/www.tillieux.eu\/kinesiologie\/wp-json\/wp\/v2\/media\/522"}],"wp:attachment":[{"href":"https:\/\/www.tillieux.eu\/kinesiologie\/wp-json\/wp\/v2\/media?parent=42"}],"curies":[{"name":"wp","href":"https:\/\/api.w.org\/{rel}","templated":true}]}}