{"id":39,"date":"2023-04-20T11:45:22","date_gmt":"2023-04-20T09:45:22","guid":{"rendered":"https:\/\/www.tillieux.eu\/kinesiologie\/?page_id=39"},"modified":"2026-02-20T15:06:44","modified_gmt":"2026-02-20T14:06:44","slug":"la-kinesiologie","status":"publish","type":"page","link":"https:\/\/www.tillieux.eu\/kinesiologie\/la-kinesiologie\/","title":{"rendered":"La kin\u00e9siologie"},"content":{"rendered":"\r\n\r\n\r\n<p>Les peurs, les \u00e9motions \u2018gel\u00e9es\u2019 nous enferment, nous emp\u00eachent de nous r\u00e9aliser et nous maintiennent dans une image d\u00e9sagr\u00e9able, voire destructrice, de nous-m\u00eames et de notre avenir.<\/p>\r\n\r\n\r\n\r\n<p>Nous nous \u2018s\u00e9parons\u2019 de notre \u2018Essence\u2019, jusqu\u2019\u00e0 tomber dans la d\u00e9prime, voire malade.\u00a0 La maladie pouvant \u00eatre vue comme un \u2018mal \u00e0 l\u2019\u00e2me\u2019 ou un \u2018mal \u00e0 dire\u2019, un signal d\u2019alarme que notre corps nous envoie\u2026 pour nous remettre sur la bonne voie et \u00eatre soi !<\/p>\r\n\r\n\r\n\r\n<p>Je vous propose mon aide pour retrouver un mieux-\u00eatre avec, entre autres, les outils de la kin\u00e9siologie.<\/p>\r\n\r\n\r\n\r\n<figure class=\"wp-block-table\">\r\n<table class=\"has-fixed-layout\">\r\n<thead>\r\n<tr>\r\n<th>Les sources<\/th>\r\n<th>Les outils<\/th>\r\n<\/tr>\r\n<\/thead>\r\n<tbody>\r\n<tr>\r\n<td>Face \u00e0 un stress ou un traumatisme, votre mental, votre corps et vos \u00e9motions ont induit un syst\u00e8me de survie, enregistr\u00e9 par le cerveau,<br \/>Mais ce \u00ab\u00a0syst\u00e8me\u00a0\u00bb vous emp\u00eache maintenant d&rsquo;agir selon vos propres choix, car votre conscience est voil\u00e9e par des croyances limitantes, des peurs (de l&rsquo;\u00e9chec, de perdre l&rsquo;amour, de ne \u00eatre pas aim\u00e9, de ne pas avoir assez, d&rsquo;\u00eatre nul, d&rsquo;\u00eatre moins bien que les autres, de ne pas m\u00e9riter la vie que vous aimeriez, du regard de l\u2019autre, etc.),\u00a0<\/td>\r\n<td>Nous allons rechercher les causes et les \u00e2ges de ces causes.<br \/>Gr\u00e2ce \u00e0 des \u00ab\u00a0outils\u00a0\u00bb non intrusifs, je vous aiderai \u00e0 retrouver votre voie, votre \u00e9nergie de joie de vivre!<br \/>Gr\u00e2ce au simple test musculaire, en douceur, et avec les outils de diff\u00e9rentes branches de la kin\u00e9siologie sp\u00e9cialis\u00e9e (Touch for Health, Brain Gym, One Brain, Kin\u00e9siologie P\u00e9rinatale, Harmonique, Essentialis, Chakra Pr\u00e9sence,\u2026).<\/td>\r\n<\/tr>\r\n<\/tbody>\r\n<\/table>\r\n<p>En savoir plus sur la kin\u00e9siologie <a href=\"https:\/\/www.kinesiologies.net\/?Definition-de-la-kinesiologie\">https:\/\/www.kinesiologies.net\/?Definition-de-la-kinesiologie<\/a><\/p>\r\n<\/figure>\r\n<p>&nbsp;<\/p>\r\n<p><strong>La kin\u00e9siologie n&rsquo;est pas LA v\u00e9rit\u00e9<\/strong>, <strong>mais bien un DECODAGE, une mise en conscience des stress que porte votre corps.<\/strong><\/p>\r\n<p>Les informations que porte votre corps peuvent avoir \u00e9t\u00e9 r\u00e9ellement v\u00e9cues mais aussi tout autant imagin\u00e9es, partiellement per\u00e7ues, esp\u00e9r\u00e9es, redout\u00e9es,&#8230;\u00a0 le test musculaire vient r\u00e9v\u00e9ler les stress par rapport aux \u00e9l\u00e9ments relat\u00e9s en s\u00e9ance.\u00a0 La m\u00e9thode n&rsquo;est absolument pas un d\u00e9tecteur de mensonge ou un r\u00e9v\u00e9lateur de v\u00e9rit\u00e9!!<\/p>\r\n<p>Mais elle est un outil efficace pour nous <strong>lib\u00e9rer de croyances<\/strong>, nous <strong>d\u00e9lester de charges \u00e9motionnelles<\/strong>, <strong>de blocages<\/strong> (comme des sch\u00e9mas familiaux, programmes g\u00e9n\u00e9alogiques, masques soci\u00e9taux, et au-del\u00e0,&#8230;), qui nous emp\u00eachent de<strong> nous r\u00e9aliser<\/strong>, afin de se sentir \u00e0 <strong>sa juste place<\/strong>, de vivre<strong> le plus authentique<\/strong> qui &lsquo;Je Suis&rsquo;, cet \u00catre unique aux facettes infinies, en apprentissage sur cette plan\u00e8te.<\/p>\r\n<p>&nbsp;<\/p>\r\n<p>Pourquoi vient-on me consulter?\u00a0 Quelques exemples par ici&#8230;\u00a0<\/p>\r\n<p>PS : Merci pour votre bienveillance concernant la mine et la voix \u00ab\u00a0hivernale\u00a0\u00bb<\/p>\r\n\r\n<iframe width=\"560\" height=\"315\" src=https:\/\/www.youtube.com\/embed\/eOK_jvBmwlA?si=Q3rBYRKQNmwdyP2R title=\"YouTube video player\" frameborder=\"0\" allow=\"accelerometer; autoplay; clipboard-write; encrypted-media; gyroscope; picture-in-picture; web-share\" referrerpolicy=\"strict-origin-when-cross-origin\" allowfullscreen><\/iframe>\r\n\r\n\r\n","protected":false},"excerpt":{"rendered":"<p>Les peurs, les \u00e9motions \u2018gel\u00e9es\u2019 nous enferment, nous emp\u00eachent de nous r\u00e9aliser et nous maintiennent dans une image d\u00e9sagr\u00e9able, voire destructrice, de nous-m\u00eames et de notre avenir. Nous nous \u2018s\u00e9parons\u2019 de notre \u2018Essence\u2019, jusqu\u2019\u00e0 tomber dans la d\u00e9prime, voire malade.\u00a0 La maladie pouvant \u00eatre vue comme un \u2018mal \u00e0 l\u2019\u00e2me\u2019 ou un \u2018mal \u00e0 dire\u2019, [&hellip;]<\/p>\n","protected":false},"author":1,"featured_media":0,"parent":0,"menu_order":0,"comment_status":"closed","ping_status":"closed","template":"","meta":{"footnotes":""},"class_list":["post-39","page","type-page","status-publish","hentry"],"_links":{"self":[{"href":"https:\/\/www.tillieux.eu\/kinesiologie\/wp-json\/wp\/v2\/pages\/39","targetHints":{"allow":["GET"]}}],"collection":[{"href":"https:\/\/www.tillieux.eu\/kinesiologie\/wp-json\/wp\/v2\/pages"}],"about":[{"href":"https:\/\/www.tillieux.eu\/kinesiologie\/wp-json\/wp\/v2\/types\/page"}],"author":[{"embeddable":true,"href":"https:\/\/www.tillieux.eu\/kinesiologie\/wp-json\/wp\/v2\/users\/1"}],"replies":[{"embeddable":true,"href":"https:\/\/www.tillieux.eu\/kinesiologie\/wp-json\/wp\/v2\/comments?post=39"}],"version-history":[{"count":9,"href":"https:\/\/www.tillieux.eu\/kinesiologie\/wp-json\/wp\/v2\/pages\/39\/revisions"}],"predecessor-version":[{"id":531,"href":"https:\/\/www.tillieux.eu\/kinesiologie\/wp-json\/wp\/v2\/pages\/39\/revisions\/531"}],"wp:attachment":[{"href":"https:\/\/www.tillieux.eu\/kinesiologie\/wp-json\/wp\/v2\/media?parent=39"}],"curies":[{"name":"wp","href":"https:\/\/api.w.org\/{rel}","templated":true}]}}