{"id":248,"date":"2023-04-24T13:53:44","date_gmt":"2023-04-24T11:53:44","guid":{"rendered":"https:\/\/www.tillieux.eu\/kinesiologie\/?page_id=248"},"modified":"2024-08-13T13:12:13","modified_gmt":"2024-08-13T11:12:13","slug":"mentions-legales","status":"publish","type":"page","link":"https:\/\/www.tillieux.eu\/kinesiologie\/mentions-legales\/","title":{"rendered":"Mentions l\u00e9gales"},"content":{"rendered":"<p>Ce site internet pr\u00e9sente les activit\u00e9s de mme Fran\u00e7oise Tillieux kin\u00e9siologue<\/p>\n<p>Responsable de publication et cr\u00e9dits photos : Fran\u00e7oise Tillieux<\/p>\n<p>Si\u00e8ge social : Campagne de Han, 1, 5560 Ciergnon<\/p>\n<p>N\u00b0 Entreprise : via Smart<\/p>\n<p>Compte bancaire : BE12.7320.5639.0292<\/p>\n<p>Contact par t\u00e9l\u00e9phone au 0032474306184 ou via mail par-ici arobase tillieux point eu<\/p>\n<p>H\u00e9bergement du site : OVH \u2013 www.ovh.com<\/p>\n<p>Domaine d\u00e9pos\u00e9: tillieux.eu (OVH)<\/p>\n<p>Ce site internet n\u2019affiche pas de publicit\u00e9 ni de sponsoring. Le site utilise deux cookies \u2018techniques\u2019 (ils sont g\u00e9n\u00e9r\u00e9s par l\u2019h\u00e9bergeur et non soumis au RGPD) qui permettent la redirection du client sur le m\u00eame serveur et\/ou un \u00e9quilibrage de charge.<\/p>\n","protected":false},"excerpt":{"rendered":"<p>Ce site internet pr\u00e9sente les activit\u00e9s de mme Fran\u00e7oise Tillieux kin\u00e9siologue Responsable de publication et cr\u00e9dits photos : Fran\u00e7oise Tillieux Si\u00e8ge social : Campagne de Han, 1, 5560 Ciergnon N\u00b0 Entreprise : via Smart Compte bancaire : BE12.7320.5639.0292 Contact par t\u00e9l\u00e9phone au 0032474306184 ou via mail par-ici arobase tillieux point eu H\u00e9bergement du site : [&hellip;]<\/p>\n","protected":false},"author":2,"featured_media":0,"parent":0,"menu_order":0,"comment_status":"closed","ping_status":"closed","template":"template-fullwidth.php","meta":{"footnotes":""},"class_list":["post-248","page","type-page","status-publish","hentry"],"_links":{"self":[{"href":"https:\/\/www.tillieux.eu\/kinesiologie\/wp-json\/wp\/v2\/pages\/248","targetHints":{"allow":["GET"]}}],"collection":[{"href":"https:\/\/www.tillieux.eu\/kinesiologie\/wp-json\/wp\/v2\/pages"}],"about":[{"href":"https:\/\/www.tillieux.eu\/kinesiologie\/wp-json\/wp\/v2\/types\/page"}],"author":[{"embeddable":true,"href":"https:\/\/www.tillieux.eu\/kinesiologie\/wp-json\/wp\/v2\/users\/2"}],"replies":[{"embeddable":true,"href":"https:\/\/www.tillieux.eu\/kinesiologie\/wp-json\/wp\/v2\/comments?post=248"}],"version-history":[{"count":8,"href":"https:\/\/www.tillieux.eu\/kinesiologie\/wp-json\/wp\/v2\/pages\/248\/revisions"}],"predecessor-version":[{"id":339,"href":"https:\/\/www.tillieux.eu\/kinesiologie\/wp-json\/wp\/v2\/pages\/248\/revisions\/339"}],"wp:attachment":[{"href":"https:\/\/www.tillieux.eu\/kinesiologie\/wp-json\/wp\/v2\/media?parent=248"}],"curies":[{"name":"wp","href":"https:\/\/api.w.org\/{rel}","templated":true}]}}